{"id":39,"date":"2021-11-15T23:40:13","date_gmt":"2021-11-15T23:40:13","guid":{"rendered":"https:\/\/www.inoxch.hr\/?page_id=39"},"modified":"2024-02-18T19:22:55","modified_gmt":"2024-02-18T18:22:55","slug":"karijera","status":"publish","type":"page","link":"https:\/\/www.inoxch.hr\/de\/karijera\/","title":{"rendered":"Karriere"},"content":{"rendered":"<div data-elementor-type=\"wp-page\" data-elementor-id=\"39\" class=\"elementor elementor-39\">\n\t\t\t\t\t\t<section class=\"elementor-section elementor-top-section elementor-element elementor-element-70d8d2a elementor-section-boxed elementor-section-height-default elementor-section-height-default\" data-id=\"70d8d2a\" data-element_type=\"section\" data-e-type=\"section\">\n\t\t\t\t\t\t<div class=\"elementor-container elementor-column-gap-default\">\n\t\t\t\t\t<div class=\"elementor-column elementor-col-33 elementor-top-column elementor-element elementor-element-da6707c\" data-id=\"da6707c\" data-element_type=\"column\" data-e-type=\"column\">\n\t\t\t<div class=\"elementor-widget-wrap elementor-element-populated\">\n\t\t\t\t\t\t<div class=\"elementor-element elementor-element-b076686 elementor-invisible elementor-widget elementor-widget-heading\" data-id=\"b076686\" data-element_type=\"widget\" data-e-type=\"widget\" data-settings=\"{&quot;_animation&quot;:&quot;fadeInLeft&quot;}\" data-widget_type=\"heading.default\">\n\t\t\t\t<div class=\"elementor-widget-container\">\n\t\t\t\t\t<h2 class=\"elementor-heading-title elementor-size-default\">BEGLEITEN SIE UNS<\/h2>\t\t\t\t<\/div>\n\t\t\t\t<\/div>\n\t\t\t\t<div class=\"elementor-element elementor-element-03b8eb0 elementor-invisible elementor-widget elementor-widget-text-editor\" data-id=\"03b8eb0\" data-element_type=\"widget\" data-e-type=\"widget\" data-settings=\"{&quot;_animation&quot;:&quot;fadeInLeft&quot;}\" data-widget_type=\"text-editor.default\">\n\t\t\t\t<div class=\"elementor-widget-container\">\n\t\t\t\t\t\t\t\t\t<p>Sie zeichnen sich durch Engagement aus, sind Maschinenbauer und auf Jobsuche? Treten Sie unserem Team bei! Entsprechend Ihrer Qualifikation und Vorbildung bieten wir Ihnen verschiedene M\u00f6glichkeiten zur Anwendung und Entwicklung eigener F\u00e4higkeiten.<\/p>\t\t\t\t\t\t\t\t<\/div>\n\t\t\t\t<\/div>\n\t\t\t\t<div class=\"elementor-element elementor-element-2810301 elementor-invisible elementor-widget elementor-widget-text-editor\" data-id=\"2810301\" data-element_type=\"widget\" data-e-type=\"widget\" data-settings=\"{&quot;_animation&quot;:&quot;fadeInLeft&quot;}\" data-widget_type=\"text-editor.default\">\n\t\t\t\t<div class=\"elementor-widget-container\">\n\t\t\t\t\t\t\t\t\t<div class=\"wpb_text_column wpb_content_element\"><div class=\"wpb_wrapper\"><p><strong>ANGEGEBENE BERUFE:\u00a0<\/strong><\/p><ul><li><p>\u2022 Schwei\u00dfer<\/p><\/li><li><p>\u2022 Schlosser<\/p><\/li><li><p>\u2022 Hilfskraft<\/p><\/li><li>Kontrolor kvalitete i otpreme<\/li><\/ul><\/div><\/div><div class=\"wpb_text_column wpb_content_element\"><div class=\"wpb_wrapper\"><p><strong>ANGEBOT:\u00a0<\/strong><\/p><ul><li><p>\u00dcberdurchschnittliches Einkommen<\/p><\/li><li><p>Arbeiten Sie in einer stabilen Umgebung<\/p><\/li><li><p>M\u00f6glichkeit zur Verbesserung und Weiterentwicklung<\/p><\/li><li><p>Sicherer Betrieb unter hervorragenden Arbeitsbedingungen<\/p><\/li><li><p>Vertrag auf unbestimmte Zeit<\/p><\/li><\/ul><\/div><\/div>\t\t\t\t\t\t\t\t<\/div>\n\t\t\t\t<\/div>\n\t\t\t\t<div class=\"elementor-element elementor-element-5c078fd elementor-invisible elementor-widget elementor-widget-text-editor\" data-id=\"5c078fd\" data-element_type=\"widget\" data-e-type=\"widget\" data-settings=\"{&quot;_animation&quot;:&quot;fadeInLeft&quot;}\" data-widget_type=\"text-editor.default\">\n\t\t\t\t<div class=\"elementor-widget-container\">\n\t\t\t\t\t\t\t\t\t<p><strong>Kandidaten haben die M\u00f6glichkeit zur Aus- und Weiterbildung w\u00e4hrend der Besch\u00e4ftigung bei INOXCH<\/strong><\/p>\t\t\t\t\t\t\t\t<\/div>\n\t\t\t\t<\/div>\n\t\t\t\t\t<\/div>\n\t\t<\/div>\n\t\t\t\t<div class=\"elementor-column elementor-col-66 elementor-top-column elementor-element elementor-element-dca95ae\" data-id=\"dca95ae\" data-element_type=\"column\" data-e-type=\"column\">\n\t\t\t<div class=\"elementor-widget-wrap elementor-element-populated\">\n\t\t\t\t\t\t<div class=\"elementor-element elementor-element-34f8906 elementor-invisible elementor-widget elementor-widget-image\" data-id=\"34f8906\" data-element_type=\"widget\" data-e-type=\"widget\" data-settings=\"{&quot;_animation&quot;:&quot;fadeIn&quot;}\" data-widget_type=\"image.default\">\n\t\t\t\t<div class=\"elementor-widget-container\">\n\t\t\t\t\t\t\t\t\t\t\t\t\t\t\t<img fetchpriority=\"high\" decoding=\"async\" width=\"878\" height=\"1024\" src=\"https:\/\/www.inoxch.hr\/wp-content\/uploads\/2024\/02\/karijera-878x1024.jpg\" class=\"attachment-large size-large wp-image-875\" alt=\"\" srcset=\"https:\/\/www.inoxch.hr\/wp-content\/uploads\/2024\/02\/karijera-878x1024.jpg 878w, https:\/\/www.inoxch.hr\/wp-content\/uploads\/2024\/02\/karijera-257x300.jpg 257w, https:\/\/www.inoxch.hr\/wp-content\/uploads\/2024\/02\/karijera-768x896.jpg 768w, https:\/\/www.inoxch.hr\/wp-content\/uploads\/2024\/02\/karijera-10x12.jpg 10w, https:\/\/www.inoxch.hr\/wp-content\/uploads\/2024\/02\/karijera.jpg 900w\" sizes=\"(max-width: 878px) 100vw, 878px\" \/>\t\t\t\t\t\t\t\t\t\t\t\t\t\t\t<\/div>\n\t\t\t\t<\/div>\n\t\t\t\t\t<\/div>\n\t\t<\/div>\n\t\t\t\t\t<\/div>\n\t\t<\/section>\n\t\t\t\t<section class=\"elementor-section elementor-top-section elementor-element elementor-element-8fc160e elementor-section-boxed elementor-section-height-default elementor-section-height-default\" data-id=\"8fc160e\" data-element_type=\"section\" data-e-type=\"section\">\n\t\t\t\t\t\t<div class=\"elementor-container elementor-column-gap-default\">\n\t\t\t\t\t<div class=\"elementor-column elementor-col-100 elementor-top-column elementor-element elementor-element-3c6bf36\" data-id=\"3c6bf36\" data-element_type=\"column\" data-e-type=\"column\">\n\t\t\t<div class=\"elementor-widget-wrap\">\n\t\t\t\t\t\t\t<\/div>\n\t\t<\/div>\n\t\t\t\t\t<\/div>\n\t\t<\/section>\n\t\t\t\t<\/div>","protected":false},"excerpt":{"rendered":"<p> &hellip;<\/p>","protected":false},"author":1,"featured_media":0,"parent":0,"menu_order":0,"comment_status":"closed","ping_status":"closed","template":"","meta":{"footnotes":""},"class_list":["post-39","page","type-page","status-publish","hentry"],"yoast_head":"<!-- This site is optimized with the Yoast SEO plugin v27.4 - https:\/\/yoast.com\/product\/yoast-seo-wordpress\/ -->\n<title>Karijera - Inoxch<\/title>\n<meta name=\"description\" content=\"Odlikuje te predanost, strojarske si struke te si u potrazi za poslom? Pridru\u017ei se na\u0161em timu! Nudimo Iznad prosje\u010dna primanja.\" \/>\n<meta name=\"robots\" content=\"index, follow, max-snippet:-1, max-image-preview:large, max-video-preview:-1\" \/>\n<link rel=\"canonical\" href=\"https:\/\/www.inoxch.hr\/de\/karijera\/\" \/>\n<meta property=\"og:locale\" content=\"de_DE\" \/>\n<meta property=\"og:type\" content=\"article\" \/>\n<meta property=\"og:title\" content=\"Karijera - Inoxch\" \/>\n<meta property=\"og:description\" content=\"Odlikuje te predanost, strojarske si struke te si u potrazi za poslom? Pridru\u017ei se na\u0161em timu! Nudimo Iznad prosje\u010dna primanja.\" \/>\n<meta property=\"og:url\" content=\"https:\/\/www.inoxch.hr\/de\/karijera\/\" \/>\n<meta property=\"og:site_name\" content=\"Inoxch\" \/>\n<meta property=\"article:modified_time\" content=\"2024-02-18T18:22:55+00:00\" \/>\n<meta property=\"og:image\" content=\"https:\/\/www.inoxch.hr\/wp-content\/uploads\/2024\/02\/karijera-878x1024.jpg\" \/>\n<meta name=\"twitter:card\" content=\"summary_large_image\" \/>\n<meta name=\"twitter:label1\" content=\"Gesch\u00e4tzte Lesezeit\" \/>\n\t<meta name=\"twitter:data1\" content=\"1\u00a0Minute\" \/>\n<script type=\"application\/ld+json\" class=\"yoast-schema-graph\">{\"@context\":\"https:\\\/\\\/schema.org\",\"@graph\":[{\"@type\":\"WebPage\",\"@id\":\"https:\\\/\\\/www.inoxch.hr\\\/karijera\\\/\",\"url\":\"https:\\\/\\\/www.inoxch.hr\\\/karijera\\\/\",\"name\":\"Karijera - Inoxch\",\"isPartOf\":{\"@id\":\"https:\\\/\\\/www.inoxch.hr\\\/#website\"},\"primaryImageOfPage\":{\"@id\":\"https:\\\/\\\/www.inoxch.hr\\\/karijera\\\/#primaryimage\"},\"image\":{\"@id\":\"https:\\\/\\\/www.inoxch.hr\\\/karijera\\\/#primaryimage\"},\"thumbnailUrl\":\"https:\\\/\\\/www.inoxch.hr\\\/wp-content\\\/uploads\\\/2024\\\/02\\\/karijera-878x1024.jpg\",\"datePublished\":\"2021-11-15T23:40:13+00:00\",\"dateModified\":\"2024-02-18T18:22:55+00:00\",\"description\":\"Odlikuje te predanost, strojarske si struke te si u potrazi za poslom? Pridru\u017ei se na\u0161em timu! Nudimo Iznad prosje\u010dna primanja.\",\"breadcrumb\":{\"@id\":\"https:\\\/\\\/www.inoxch.hr\\\/karijera\\\/#breadcrumb\"},\"inLanguage\":\"de\",\"potentialAction\":[{\"@type\":\"ReadAction\",\"target\":[\"https:\\\/\\\/www.inoxch.hr\\\/karijera\\\/\"]}]},{\"@type\":\"ImageObject\",\"inLanguage\":\"de\",\"@id\":\"https:\\\/\\\/www.inoxch.hr\\\/karijera\\\/#primaryimage\",\"url\":\"https:\\\/\\\/www.inoxch.hr\\\/wp-content\\\/uploads\\\/2024\\\/02\\\/karijera-878x1024.jpg\",\"contentUrl\":\"https:\\\/\\\/www.inoxch.hr\\\/wp-content\\\/uploads\\\/2024\\\/02\\\/karijera-878x1024.jpg\"},{\"@type\":\"BreadcrumbList\",\"@id\":\"https:\\\/\\\/www.inoxch.hr\\\/karijera\\\/#breadcrumb\",\"itemListElement\":[{\"@type\":\"ListItem\",\"position\":1,\"name\":\"Home\",\"item\":\"https:\\\/\\\/www.inoxch.hr\\\/\"},{\"@type\":\"ListItem\",\"position\":2,\"name\":\"Karijera\"}]},{\"@type\":\"WebSite\",\"@id\":\"https:\\\/\\\/www.inoxch.hr\\\/#website\",\"url\":\"https:\\\/\\\/www.inoxch.hr\\\/\",\"name\":\"Inoxch\",\"description\":\"Centar Hoegger\",\"publisher\":{\"@id\":\"https:\\\/\\\/www.inoxch.hr\\\/#organization\"},\"potentialAction\":[{\"@type\":\"SearchAction\",\"target\":{\"@type\":\"EntryPoint\",\"urlTemplate\":\"https:\\\/\\\/www.inoxch.hr\\\/?s={search_term_string}\"},\"query-input\":{\"@type\":\"PropertyValueSpecification\",\"valueRequired\":true,\"valueName\":\"search_term_string\"}}],\"inLanguage\":\"de\"},{\"@type\":\"Organization\",\"@id\":\"https:\\\/\\\/www.inoxch.hr\\\/#organization\",\"name\":\"Inoxch\",\"url\":\"https:\\\/\\\/www.inoxch.hr\\\/\",\"logo\":{\"@type\":\"ImageObject\",\"inLanguage\":\"de\",\"@id\":\"https:\\\/\\\/www.inoxch.hr\\\/#\\\/schema\\\/logo\\\/image\\\/\",\"url\":\"https:\\\/\\\/www.inoxch.hr\\\/wp-content\\\/uploads\\\/2021\\\/11\\\/logo-e1639798637894.png\",\"contentUrl\":\"https:\\\/\\\/www.inoxch.hr\\\/wp-content\\\/uploads\\\/2021\\\/11\\\/logo-e1639798637894.png\",\"width\":115,\"height\":40,\"caption\":\"Inoxch\"},\"image\":{\"@id\":\"https:\\\/\\\/www.inoxch.hr\\\/#\\\/schema\\\/logo\\\/image\\\/\"}}]}<\/script>\n<!-- \/ Yoast SEO plugin. -->","yoast_head_json":{"title":"Karijera - Inoxch","description":"Odlikuje te predanost, strojarske si struke te si u potrazi za poslom? Pridru\u017ei se na\u0161em timu! Nudimo Iznad prosje\u010dna primanja.","robots":{"index":"index","follow":"follow","max-snippet":"max-snippet:-1","max-image-preview":"max-image-preview:large","max-video-preview":"max-video-preview:-1"},"canonical":"https:\/\/www.inoxch.hr\/de\/karijera\/","og_locale":"de_DE","og_type":"article","og_title":"Karijera - Inoxch","og_description":"Odlikuje te predanost, strojarske si struke te si u potrazi za poslom? Pridru\u017ei se na\u0161em timu! Nudimo Iznad prosje\u010dna primanja.","og_url":"https:\/\/www.inoxch.hr\/de\/karijera\/","og_site_name":"Inoxch","article_modified_time":"2024-02-18T18:22:55+00:00","og_image":[{"url":"https:\/\/www.inoxch.hr\/wp-content\/uploads\/2024\/02\/karijera-878x1024.jpg","type":"","width":"","height":""}],"twitter_card":"summary_large_image","twitter_misc":{"Gesch\u00e4tzte Lesezeit":"1\u00a0Minute"},"schema":{"@context":"https:\/\/schema.org","@graph":[{"@type":"WebPage","@id":"https:\/\/www.inoxch.hr\/karijera\/","url":"https:\/\/www.inoxch.hr\/karijera\/","name":"Karijera - Inoxch","isPartOf":{"@id":"https:\/\/www.inoxch.hr\/#website"},"primaryImageOfPage":{"@id":"https:\/\/www.inoxch.hr\/karijera\/#primaryimage"},"image":{"@id":"https:\/\/www.inoxch.hr\/karijera\/#primaryimage"},"thumbnailUrl":"https:\/\/www.inoxch.hr\/wp-content\/uploads\/2024\/02\/karijera-878x1024.jpg","datePublished":"2021-11-15T23:40:13+00:00","dateModified":"2024-02-18T18:22:55+00:00","description":"Odlikuje te predanost, strojarske si struke te si u potrazi za poslom? Pridru\u017ei se na\u0161em timu! Nudimo Iznad prosje\u010dna primanja.","breadcrumb":{"@id":"https:\/\/www.inoxch.hr\/karijera\/#breadcrumb"},"inLanguage":"de","potentialAction":[{"@type":"ReadAction","target":["https:\/\/www.inoxch.hr\/karijera\/"]}]},{"@type":"ImageObject","inLanguage":"de","@id":"https:\/\/www.inoxch.hr\/karijera\/#primaryimage","url":"https:\/\/www.inoxch.hr\/wp-content\/uploads\/2024\/02\/karijera-878x1024.jpg","contentUrl":"https:\/\/www.inoxch.hr\/wp-content\/uploads\/2024\/02\/karijera-878x1024.jpg"},{"@type":"BreadcrumbList","@id":"https:\/\/www.inoxch.hr\/karijera\/#breadcrumb","itemListElement":[{"@type":"ListItem","position":1,"name":"Home","item":"https:\/\/www.inoxch.hr\/"},{"@type":"ListItem","position":2,"name":"Karijera"}]},{"@type":"WebSite","@id":"https:\/\/www.inoxch.hr\/#website","url":"https:\/\/www.inoxch.hr\/","name":"Inoxch","description":"Centar Hoegger","publisher":{"@id":"https:\/\/www.inoxch.hr\/#organization"},"potentialAction":[{"@type":"SearchAction","target":{"@type":"EntryPoint","urlTemplate":"https:\/\/www.inoxch.hr\/?s={search_term_string}"},"query-input":{"@type":"PropertyValueSpecification","valueRequired":true,"valueName":"search_term_string"}}],"inLanguage":"de"},{"@type":"Organization","@id":"https:\/\/www.inoxch.hr\/#organization","name":"Inoxch","url":"https:\/\/www.inoxch.hr\/","logo":{"@type":"ImageObject","inLanguage":"de","@id":"https:\/\/www.inoxch.hr\/#\/schema\/logo\/image\/","url":"https:\/\/www.inoxch.hr\/wp-content\/uploads\/2021\/11\/logo-e1639798637894.png","contentUrl":"https:\/\/www.inoxch.hr\/wp-content\/uploads\/2021\/11\/logo-e1639798637894.png","width":115,"height":40,"caption":"Inoxch"},"image":{"@id":"https:\/\/www.inoxch.hr\/#\/schema\/logo\/image\/"}}]}},"_links":{"self":[{"href":"https:\/\/www.inoxch.hr\/de\/wp-json\/wp\/v2\/pages\/39","targetHints":{"allow":["GET"]}}],"collection":[{"href":"https:\/\/www.inoxch.hr\/de\/wp-json\/wp\/v2\/pages"}],"about":[{"href":"https:\/\/www.inoxch.hr\/de\/wp-json\/wp\/v2\/types\/page"}],"author":[{"embeddable":true,"href":"https:\/\/www.inoxch.hr\/de\/wp-json\/wp\/v2\/users\/1"}],"replies":[{"embeddable":true,"href":"https:\/\/www.inoxch.hr\/de\/wp-json\/wp\/v2\/comments?post=39"}],"version-history":[{"count":4,"href":"https:\/\/www.inoxch.hr\/de\/wp-json\/wp\/v2\/pages\/39\/revisions"}],"predecessor-version":[{"id":879,"href":"https:\/\/www.inoxch.hr\/de\/wp-json\/wp\/v2\/pages\/39\/revisions\/879"}],"wp:attachment":[{"href":"https:\/\/www.inoxch.hr\/de\/wp-json\/wp\/v2\/media?parent=39"}],"curies":[{"name":"wp","href":"https:\/\/api.w.org\/{rel}","templated":true}]}}