{"id":20,"date":"2024-02-16T00:04:11","date_gmt":"2024-02-15T23:04:11","guid":{"rendered":"https:\/\/www.inoxch.hr\/?page_id=20"},"modified":"2024-02-19T10:41:50","modified_gmt":"2024-02-19T09:41:50","slug":"home","status":"publish","type":"page","link":"https:\/\/www.inoxch.hr\/de\/","title":{"rendered":"Startseite"},"content":{"rendered":"<div data-elementor-type=\"wp-page\" data-elementor-id=\"20\" class=\"elementor elementor-20\">\n\t\t\t\t\t\t<section class=\"elementor-section elementor-top-section elementor-element elementor-element-1bddf6f elementor-section-full_width elementor-section-stretched elementor-section-height-default elementor-section-height-default\" data-id=\"1bddf6f\" data-element_type=\"section\" data-e-type=\"section\" data-settings=\"{&quot;stretch_section&quot;:&quot;section-stretched&quot;}\">\n\t\t\t\t\t\t<div class=\"elementor-container elementor-column-gap-no\">\n\t\t\t\t\t<div class=\"elementor-column elementor-col-100 elementor-top-column elementor-element elementor-element-4c42b5f\" data-id=\"4c42b5f\" data-element_type=\"column\" data-e-type=\"column\" data-settings=\"{&quot;animation&quot;:&quot;none&quot;}\">\n\t\t\t<div class=\"elementor-widget-wrap elementor-element-populated\">\n\t\t\t\t\t\t<div class=\"elementor-element elementor-element-4abd463 elementor-widget elementor-widget-video\" data-id=\"4abd463\" data-element_type=\"widget\" data-e-type=\"widget\" data-settings=\"{&quot;video_type&quot;:&quot;hosted&quot;,&quot;autoplay&quot;:&quot;yes&quot;,&quot;mute&quot;:&quot;yes&quot;,&quot;loop&quot;:&quot;yes&quot;}\" data-widget_type=\"video.default\">\n\t\t\t\t<div class=\"elementor-widget-container\">\n\t\t\t\t\t\t\t<div class=\"e-hosted-video elementor-wrapper elementor-open-inline\">\n\t\t\t\t\t<video class=\"elementor-video\" src=\"https:\/\/www.inoxch.hr\/wp-content\/uploads\/2021\/11\/video_home.mp4\" autoplay=\"\" loop=\"\" muted=\"muted\" controlslist=\"nodownload\"><\/video>\n\t\t\t\t<\/div>\n\t\t\t\t\t\t<\/div>\n\t\t\t\t<\/div>\n\t\t\t\t\t<\/div>\n\t\t<\/div>\n\t\t\t\t\t<\/div>\n\t\t<\/section>\n\t\t\t\t<section class=\"elementor-section elementor-top-section elementor-element elementor-element-eab2521 elementor-section-boxed elementor-section-height-default elementor-section-height-default elementor-invisible\" data-id=\"eab2521\" data-element_type=\"section\" data-e-type=\"section\" data-settings=\"{&quot;animation&quot;:&quot;bounceInUp&quot;}\">\n\t\t\t\t\t\t\t<div class=\"elementor-background-overlay\"><\/div>\n\t\t\t\t\t\t\t<div class=\"elementor-container elementor-column-gap-default\">\n\t\t\t\t\t<div class=\"elementor-column elementor-col-100 elementor-top-column elementor-element elementor-element-5a46871\" data-id=\"5a46871\" data-element_type=\"column\" data-e-type=\"column\" data-settings=\"{&quot;background_background&quot;:&quot;classic&quot;}\">\n\t\t\t<div class=\"elementor-widget-wrap elementor-element-populated\">\n\t\t\t\t\t<div class=\"elementor-background-overlay\"><\/div>\n\t\t\t\t\t\t<div class=\"elementor-element elementor-element-307cbd2 elementor-widget elementor-widget-text-editor\" data-id=\"307cbd2\" data-element_type=\"widget\" data-e-type=\"widget\" data-widget_type=\"text-editor.default\">\n\t\t\t\t<div class=\"elementor-widget-container\">\n\t\t\t\t\t\t\t\t\t<p>Spezialisiert auf die Bearbeitung von Edelstahl, Aluminiumblechen und Baustahl<\/p>\t\t\t\t\t\t\t\t<\/div>\n\t\t\t\t<\/div>\n\t\t\t\t\t<\/div>\n\t\t<\/div>\n\t\t\t\t\t<\/div>\n\t\t<\/section>\n\t\t\t\t<section class=\"elementor-section elementor-top-section elementor-element elementor-element-d2b5deb animated-fast elementor-section-boxed elementor-section-height-default elementor-section-height-default elementor-invisible\" data-id=\"d2b5deb\" data-element_type=\"section\" data-e-type=\"section\" data-settings=\"{&quot;animation&quot;:&quot;fadeInUp&quot;}\">\n\t\t\t\t\t\t<div class=\"elementor-container elementor-column-gap-default\">\n\t\t\t\t\t<div class=\"elementor-column elementor-col-33 elementor-top-column elementor-element elementor-element-9ab15b6\" data-id=\"9ab15b6\" data-element_type=\"column\" data-e-type=\"column\">\n\t\t\t<div class=\"elementor-widget-wrap elementor-element-populated\">\n\t\t\t\t\t\t<div class=\"elementor-element elementor-element-579bfa6 elementor-widget elementor-widget-image\" data-id=\"579bfa6\" data-element_type=\"widget\" data-e-type=\"widget\" data-widget_type=\"image.default\">\n\t\t\t\t<div class=\"elementor-widget-container\">\n\t\t\t\t\t\t\t\t\t\t\t\t<figure class=\"wp-caption\">\n\t\t\t\t\t\t\t\t\t\t\t<a href=\"https:\/\/www.inoxch.hr\/de\/proizvodi-i-usluge\/\">\n\t\t\t\t\t\t\t<img fetchpriority=\"high\" decoding=\"async\" width=\"600\" height=\"368\" src=\"https:\/\/www.inoxch.hr\/wp-content\/uploads\/2022\/01\/n_architectural-blueprints-2-600x368.jpg\" class=\"elementor-animation-float attachment-anps-featured size-anps-featured wp-image-793\" alt=\"\" \/>\t\t\t\t\t\t\t\t<\/a>\n\t\t\t\t\t\t\t\t\t\t\t<figcaption class=\"widget-image-caption wp-caption-text\">HERSTELLUNG TECHNISCHER DOKUMENTATION<\/figcaption>\n\t\t\t\t\t\t\t\t\t\t<\/figure>\n\t\t\t\t\t\t\t\t\t<\/div>\n\t\t\t\t<\/div>\n\t\t\t\t\t<\/div>\n\t\t<\/div>\n\t\t\t\t<div class=\"elementor-column elementor-col-33 elementor-top-column elementor-element elementor-element-2d9ee6c\" data-id=\"2d9ee6c\" data-element_type=\"column\" data-e-type=\"column\">\n\t\t\t<div class=\"elementor-widget-wrap elementor-element-populated\">\n\t\t\t\t\t\t<div class=\"elementor-element elementor-element-2792ee9 elementor-widget elementor-widget-image\" data-id=\"2792ee9\" data-element_type=\"widget\" data-e-type=\"widget\" data-widget_type=\"image.default\">\n\t\t\t\t<div class=\"elementor-widget-container\">\n\t\t\t\t\t\t\t\t\t\t\t\t<figure class=\"wp-caption\">\n\t\t\t\t\t\t\t\t\t\t\t<a href=\"https:\/\/www.inoxch.hr\/de\/proizvodi-i-usluge\/\">\n\t\t\t\t\t\t\t<img decoding=\"async\" width=\"600\" height=\"368\" src=\"https:\/\/www.inoxch.hr\/wp-content\/uploads\/2022\/01\/n_opt-lasers-bns7a0oCi40-unsplash-2-600x368.jpg\" class=\"elementor-animation-float attachment-anps-featured size-anps-featured wp-image-799\" alt=\"\" \/>\t\t\t\t\t\t\t\t<\/a>\n\t\t\t\t\t\t\t\t\t\t\t<figcaption class=\"widget-image-caption wp-caption-text\">LASERSCHNEIDEN UND GRAVUR<\/figcaption>\n\t\t\t\t\t\t\t\t\t\t<\/figure>\n\t\t\t\t\t\t\t\t\t<\/div>\n\t\t\t\t<\/div>\n\t\t\t\t\t<\/div>\n\t\t<\/div>\n\t\t\t\t<div class=\"elementor-column elementor-col-33 elementor-top-column elementor-element elementor-element-4ed37bf\" data-id=\"4ed37bf\" data-element_type=\"column\" data-e-type=\"column\">\n\t\t\t<div class=\"elementor-widget-wrap elementor-element-populated\">\n\t\t\t\t\t\t<div class=\"elementor-element elementor-element-8458045 elementor-widget elementor-widget-image\" data-id=\"8458045\" data-element_type=\"widget\" data-e-type=\"widget\" data-widget_type=\"image.default\">\n\t\t\t\t<div class=\"elementor-widget-container\">\n\t\t\t\t\t\t\t\t\t\t\t\t<figure class=\"wp-caption\">\n\t\t\t\t\t\t\t\t\t\t\t<a href=\"https:\/\/www.inoxch.hr\/de\/proizvodi-i-usluge\/\">\n\t\t\t\t\t\t\t<img decoding=\"async\" width=\"600\" height=\"368\" src=\"https:\/\/www.inoxch.hr\/wp-content\/uploads\/2022\/01\/n_grinding-machine-gc4a2a9755_640-2-600x368.jpg\" class=\"elementor-animation-float attachment-anps-featured size-anps-featured wp-image-797\" alt=\"\" \/>\t\t\t\t\t\t\t\t<\/a>\n\t\t\t\t\t\t\t\t\t\t\t<figcaption class=\"widget-image-caption wp-caption-text\">MASCHINENSCHLEIFEN<\/figcaption>\n\t\t\t\t\t\t\t\t\t\t<\/figure>\n\t\t\t\t\t\t\t\t\t<\/div>\n\t\t\t\t<\/div>\n\t\t\t\t\t<\/div>\n\t\t<\/div>\n\t\t\t\t\t<\/div>\n\t\t<\/section>\n\t\t\t\t<section class=\"elementor-section elementor-top-section elementor-element elementor-element-3014e8c animated-fast elementor-section-boxed elementor-section-height-default elementor-section-height-default elementor-invisible\" data-id=\"3014e8c\" data-element_type=\"section\" data-e-type=\"section\" data-settings=\"{&quot;animation&quot;:&quot;fadeInUp&quot;}\">\n\t\t\t\t\t\t<div class=\"elementor-container elementor-column-gap-default\">\n\t\t\t\t\t<div class=\"elementor-column elementor-col-33 elementor-top-column elementor-element elementor-element-56ce12c\" data-id=\"56ce12c\" data-element_type=\"column\" data-e-type=\"column\">\n\t\t\t<div class=\"elementor-widget-wrap elementor-element-populated\">\n\t\t\t\t\t\t<div class=\"elementor-element elementor-element-8205615 elementor-widget elementor-widget-image\" data-id=\"8205615\" data-element_type=\"widget\" data-e-type=\"widget\" data-widget_type=\"image.default\">\n\t\t\t\t<div class=\"elementor-widget-container\">\n\t\t\t\t\t\t\t\t\t\t\t\t<figure class=\"wp-caption\">\n\t\t\t\t\t\t\t\t\t\t\t<a href=\"https:\/\/www.inoxch.hr\/de\/proizvodi-i-usluge\/\">\n\t\t\t\t\t\t\t<img loading=\"lazy\" decoding=\"async\" width=\"600\" height=\"368\" src=\"https:\/\/www.inoxch.hr\/wp-content\/uploads\/2022\/01\/n_cnc_savijanje-2-600x368.jpg\" class=\"elementor-animation-float attachment-anps-featured size-anps-featured wp-image-795\" alt=\"\" \/>\t\t\t\t\t\t\t\t<\/a>\n\t\t\t\t\t\t\t\t\t\t\t<figcaption class=\"widget-image-caption wp-caption-text\">CNC BIEGEN<\/figcaption>\n\t\t\t\t\t\t\t\t\t\t<\/figure>\n\t\t\t\t\t\t\t\t\t<\/div>\n\t\t\t\t<\/div>\n\t\t\t\t\t<\/div>\n\t\t<\/div>\n\t\t\t\t<div class=\"elementor-column elementor-col-33 elementor-top-column elementor-element elementor-element-d7a2b16\" data-id=\"d7a2b16\" data-element_type=\"column\" data-e-type=\"column\">\n\t\t\t<div class=\"elementor-widget-wrap elementor-element-populated\">\n\t\t\t\t\t\t<div class=\"elementor-element elementor-element-04d2131 elementor-widget elementor-widget-image\" data-id=\"04d2131\" data-element_type=\"widget\" data-e-type=\"widget\" data-widget_type=\"image.default\">\n\t\t\t\t<div class=\"elementor-widget-container\">\n\t\t\t\t\t\t\t\t\t\t\t\t<figure class=\"wp-caption\">\n\t\t\t\t\t\t\t\t\t\t\t<a href=\"https:\/\/www.inoxch.hr\/de\/proizvodi-i-usluge\/\">\n\t\t\t\t\t\t\t<img decoding=\"async\" width=\"600\" height=\"368\" src=\"https:\/\/www.inoxch.hr\/wp-content\/uploads\/2022\/01\/n_grinding-machine-gc4a2a9755_640-2-600x368.jpg\" class=\"elementor-animation-float attachment-anps-featured size-anps-featured wp-image-797\" alt=\"\" \/>\t\t\t\t\t\t\t\t<\/a>\n\t\t\t\t\t\t\t\t\t\t\t<figcaption class=\"widget-image-caption wp-caption-text\">SCHWEISSEN<\/figcaption>\n\t\t\t\t\t\t\t\t\t\t<\/figure>\n\t\t\t\t\t\t\t\t\t<\/div>\n\t\t\t\t<\/div>\n\t\t\t\t\t<\/div>\n\t\t<\/div>\n\t\t\t\t<div class=\"elementor-column elementor-col-33 elementor-top-column elementor-element elementor-element-be512e7\" data-id=\"be512e7\" data-element_type=\"column\" data-e-type=\"column\">\n\t\t\t<div class=\"elementor-widget-wrap elementor-element-populated\">\n\t\t\t\t\t\t<div class=\"elementor-element elementor-element-080df2c elementor-widget elementor-widget-image\" data-id=\"080df2c\" data-element_type=\"widget\" data-e-type=\"widget\" data-widget_type=\"image.default\">\n\t\t\t\t<div class=\"elementor-widget-container\">\n\t\t\t\t\t\t\t\t\t\t\t\t<figure class=\"wp-caption\">\n\t\t\t\t\t\t\t\t\t\t\t<a href=\"https:\/\/www.inoxch.hr\/de\/proizvodi-i-usluge\/\">\n\t\t\t\t\t\t\t<img loading=\"lazy\" decoding=\"async\" width=\"600\" height=\"368\" src=\"https:\/\/www.inoxch.hr\/wp-content\/uploads\/2022\/01\/n_daniel-smyth-03TaAgmtXwM-unsplash-2-600x368.jpg\" class=\"elementor-animation-float attachment-anps-featured size-anps-featured wp-image-796\" alt=\"\" \/>\t\t\t\t\t\t\t\t<\/a>\n\t\t\t\t\t\t\t\t\t\t\t<figcaption class=\"widget-image-caption wp-caption-text\">MONTAGE VON BAUGRUPPEN UND UNTERBAUGRUPPEN<\/figcaption>\n\t\t\t\t\t\t\t\t\t\t<\/figure>\n\t\t\t\t\t\t\t\t\t<\/div>\n\t\t\t\t<\/div>\n\t\t\t\t\t<\/div>\n\t\t<\/div>\n\t\t\t\t\t<\/div>\n\t\t<\/section>\n\t\t\t\t<section class=\"elementor-section elementor-top-section elementor-element elementor-element-4c74c77 animated-fast elementor-section-boxed elementor-section-height-default elementor-section-height-default elementor-invisible\" data-id=\"4c74c77\" data-element_type=\"section\" data-e-type=\"section\" data-settings=\"{&quot;animation&quot;:&quot;fadeInUp&quot;}\">\n\t\t\t\t\t\t<div class=\"elementor-container elementor-column-gap-default\">\n\t\t\t\t\t<div class=\"elementor-column elementor-col-33 elementor-top-column elementor-element elementor-element-2ef106e\" data-id=\"2ef106e\" data-element_type=\"column\" data-e-type=\"column\">\n\t\t\t<div class=\"elementor-widget-wrap\">\n\t\t\t\t\t\t\t<\/div>\n\t\t<\/div>\n\t\t\t\t<div class=\"elementor-column elementor-col-33 elementor-top-column elementor-element elementor-element-d5e70cd\" data-id=\"d5e70cd\" data-element_type=\"column\" data-e-type=\"column\">\n\t\t\t<div class=\"elementor-widget-wrap elementor-element-populated\">\n\t\t\t\t\t\t<div class=\"elementor-element elementor-element-da9c2f2 elementor-widget elementor-widget-image\" data-id=\"da9c2f2\" data-element_type=\"widget\" data-e-type=\"widget\" data-widget_type=\"image.default\">\n\t\t\t\t<div class=\"elementor-widget-container\">\n\t\t\t\t\t\t\t\t\t\t\t\t<figure class=\"wp-caption\">\n\t\t\t\t\t\t\t\t\t\t\t<a href=\"https:\/\/www.inoxch.hr\/de\/proizvodi-i-usluge\/\">\n\t\t\t\t\t\t\t<img loading=\"lazy\" decoding=\"async\" width=\"500\" height=\"337\" src=\"https:\/\/www.inoxch.hr\/wp-content\/uploads\/2024\/02\/Sciteex_objava_slika_pocetna.jpg\" class=\"elementor-animation-float attachment-anps-featured size-anps-featured wp-image-889\" alt=\"\" srcset=\"https:\/\/www.inoxch.hr\/wp-content\/uploads\/2024\/02\/Sciteex_objava_slika_pocetna.jpg 500w, https:\/\/www.inoxch.hr\/wp-content\/uploads\/2024\/02\/Sciteex_objava_slika_pocetna-300x202.jpg 300w, https:\/\/www.inoxch.hr\/wp-content\/uploads\/2024\/02\/Sciteex_objava_slika_pocetna-18x12.jpg 18w\" sizes=\"(max-width: 500px) 100vw, 500px\" \/>\t\t\t\t\t\t\t\t<\/a>\n\t\t\t\t\t\t\t\t\t\t\t<figcaption class=\"widget-image-caption wp-caption-text\">GLASPERLENSTRAHLEN<\/figcaption>\n\t\t\t\t\t\t\t\t\t\t<\/figure>\n\t\t\t\t\t\t\t\t\t<\/div>\n\t\t\t\t<\/div>\n\t\t\t\t\t<\/div>\n\t\t<\/div>\n\t\t\t\t<div class=\"elementor-column elementor-col-33 elementor-top-column elementor-element elementor-element-34924a7\" data-id=\"34924a7\" data-element_type=\"column\" data-e-type=\"column\">\n\t\t\t<div class=\"elementor-widget-wrap\">\n\t\t\t\t\t\t\t<\/div>\n\t\t<\/div>\n\t\t\t\t\t<\/div>\n\t\t<\/section>\n\t\t\t\t<section class=\"elementor-section elementor-top-section elementor-element elementor-element-f7026ae elementor-section-boxed elementor-section-height-default elementor-section-height-default\" data-id=\"f7026ae\" data-element_type=\"section\" data-e-type=\"section\">\n\t\t\t\t\t\t<div class=\"elementor-container elementor-column-gap-default\">\n\t\t\t\t\t<div class=\"elementor-column elementor-col-33 elementor-top-column elementor-element elementor-element-60c4843\" data-id=\"60c4843\" data-element_type=\"column\" data-e-type=\"column\">\n\t\t\t<div class=\"elementor-widget-wrap\">\n\t\t\t\t\t\t\t<\/div>\n\t\t<\/div>\n\t\t\t\t<div class=\"elementor-column elementor-col-33 elementor-top-column elementor-element elementor-element-f77f278\" data-id=\"f77f278\" data-element_type=\"column\" data-e-type=\"column\">\n\t\t\t<div class=\"elementor-widget-wrap\">\n\t\t\t\t\t\t\t<\/div>\n\t\t<\/div>\n\t\t\t\t<div class=\"elementor-column elementor-col-33 elementor-top-column elementor-element elementor-element-9259f1f\" data-id=\"9259f1f\" data-element_type=\"column\" data-e-type=\"column\">\n\t\t\t<div class=\"elementor-widget-wrap\">\n\t\t\t\t\t\t\t<\/div>\n\t\t<\/div>\n\t\t\t\t\t<\/div>\n\t\t<\/section>\n\t\t\t\t<\/div>","protected":false},"excerpt":{"rendered":"<p> &hellip;<\/p>","protected":false},"author":1,"featured_media":0,"parent":0,"menu_order":0,"comment_status":"closed","ping_status":"closed","template":"","meta":{"footnotes":""},"class_list":["post-20","page","type-page","status-publish","hentry"],"yoast_head":"<!-- This site is optimized with the Yoast SEO plugin v27.5 - https:\/\/yoast.com\/product\/yoast-seo-wordpress\/ -->\n<title>Po\u010detna - Inoxch<\/title>\n<meta name=\"description\" content=\"Specijalizirani za obradu nehr\u0111aju\u0107ih, aluminijskih limova te konstrukcijskog \u010delika. Kvalitetnim radom stekli smo zna\u010dajne reference.\" \/>\n<meta name=\"robots\" content=\"index, follow, max-snippet:-1, max-image-preview:large, max-video-preview:-1\" \/>\n<link rel=\"canonical\" href=\"https:\/\/www.inoxch.hr\/de\/\" \/>\n<meta property=\"og:locale\" content=\"de_DE\" \/>\n<meta property=\"og:type\" content=\"article\" \/>\n<meta property=\"og:title\" content=\"Po\u010detna - Inoxch\" \/>\n<meta property=\"og:description\" content=\"Specijalizirani za obradu nehr\u0111aju\u0107ih, aluminijskih limova te konstrukcijskog \u010delika. Kvalitetnim radom stekli smo zna\u010dajne reference.\" \/>\n<meta property=\"og:url\" content=\"https:\/\/www.inoxch.hr\/de\/\" \/>\n<meta property=\"og:site_name\" content=\"Inoxch\" \/>\n<meta property=\"article:modified_time\" content=\"2024-02-19T09:41:50+00:00\" \/>\n<meta property=\"og:image\" content=\"https:\/\/www.inoxch.hr\/wp-content\/uploads\/2022\/01\/n_architectural-blueprints-2-600x368.jpg\" \/>\n<meta name=\"twitter:card\" content=\"summary_large_image\" \/>\n<meta name=\"twitter:label1\" content=\"Gesch\u00e4tzte Lesezeit\" \/>\n\t<meta name=\"twitter:data1\" content=\"2\u00a0Minuten\" \/>\n<script type=\"application\/ld+json\" class=\"yoast-schema-graph\">{\"@context\":\"https:\\\/\\\/schema.org\",\"@graph\":[{\"@type\":\"WebPage\",\"@id\":\"https:\\\/\\\/www.inoxch.hr\\\/\",\"url\":\"https:\\\/\\\/www.inoxch.hr\\\/\",\"name\":\"Po\u010detna - Inoxch\",\"isPartOf\":{\"@id\":\"https:\\\/\\\/www.inoxch.hr\\\/#website\"},\"primaryImageOfPage\":{\"@id\":\"https:\\\/\\\/www.inoxch.hr\\\/#primaryimage\"},\"image\":{\"@id\":\"https:\\\/\\\/www.inoxch.hr\\\/#primaryimage\"},\"thumbnailUrl\":\"https:\\\/\\\/www.inoxch.hr\\\/wp-content\\\/uploads\\\/2022\\\/01\\\/n_architectural-blueprints-2-600x368.jpg\",\"datePublished\":\"2024-02-15T23:04:11+00:00\",\"dateModified\":\"2024-02-19T09:41:50+00:00\",\"description\":\"Specijalizirani za obradu nehr\u0111aju\u0107ih, aluminijskih limova te konstrukcijskog \u010delika. Kvalitetnim radom stekli smo zna\u010dajne reference.\",\"breadcrumb\":{\"@id\":\"https:\\\/\\\/www.inoxch.hr\\\/#breadcrumb\"},\"inLanguage\":\"de\",\"potentialAction\":[{\"@type\":\"ReadAction\",\"target\":[\"https:\\\/\\\/www.inoxch.hr\\\/\"]}]},{\"@type\":\"ImageObject\",\"inLanguage\":\"de\",\"@id\":\"https:\\\/\\\/www.inoxch.hr\\\/#primaryimage\",\"url\":\"https:\\\/\\\/www.inoxch.hr\\\/wp-content\\\/uploads\\\/2022\\\/01\\\/n_architectural-blueprints-2-600x368.jpg\",\"contentUrl\":\"https:\\\/\\\/www.inoxch.hr\\\/wp-content\\\/uploads\\\/2022\\\/01\\\/n_architectural-blueprints-2-600x368.jpg\"},{\"@type\":\"BreadcrumbList\",\"@id\":\"https:\\\/\\\/www.inoxch.hr\\\/#breadcrumb\",\"itemListElement\":[{\"@type\":\"ListItem\",\"position\":1,\"name\":\"Home\",\"item\":\"https:\\\/\\\/www.inoxch.hr\\\/\"},{\"@type\":\"ListItem\",\"position\":2,\"name\":\"Po\u010detna\"}]},{\"@type\":\"WebSite\",\"@id\":\"https:\\\/\\\/www.inoxch.hr\\\/#website\",\"url\":\"https:\\\/\\\/www.inoxch.hr\\\/\",\"name\":\"Inoxch\",\"description\":\"Centar Hoegger\",\"publisher\":{\"@id\":\"https:\\\/\\\/www.inoxch.hr\\\/#organization\"},\"potentialAction\":[{\"@type\":\"SearchAction\",\"target\":{\"@type\":\"EntryPoint\",\"urlTemplate\":\"https:\\\/\\\/www.inoxch.hr\\\/?s={search_term_string}\"},\"query-input\":{\"@type\":\"PropertyValueSpecification\",\"valueRequired\":true,\"valueName\":\"search_term_string\"}}],\"inLanguage\":\"de\"},{\"@type\":\"Organization\",\"@id\":\"https:\\\/\\\/www.inoxch.hr\\\/#organization\",\"name\":\"Inoxch\",\"url\":\"https:\\\/\\\/www.inoxch.hr\\\/\",\"logo\":{\"@type\":\"ImageObject\",\"inLanguage\":\"de\",\"@id\":\"https:\\\/\\\/www.inoxch.hr\\\/#\\\/schema\\\/logo\\\/image\\\/\",\"url\":\"https:\\\/\\\/www.inoxch.hr\\\/wp-content\\\/uploads\\\/2021\\\/11\\\/logo-e1639798637894.png\",\"contentUrl\":\"https:\\\/\\\/www.inoxch.hr\\\/wp-content\\\/uploads\\\/2021\\\/11\\\/logo-e1639798637894.png\",\"width\":115,\"height\":40,\"caption\":\"Inoxch\"},\"image\":{\"@id\":\"https:\\\/\\\/www.inoxch.hr\\\/#\\\/schema\\\/logo\\\/image\\\/\"}}]}<\/script>\n<!-- \/ Yoast SEO plugin. -->","yoast_head_json":{"title":"Po\u010detna - Inoxch","description":"Specijalizirani za obradu nehr\u0111aju\u0107ih, aluminijskih limova te konstrukcijskog \u010delika. Kvalitetnim radom stekli smo zna\u010dajne reference.","robots":{"index":"index","follow":"follow","max-snippet":"max-snippet:-1","max-image-preview":"max-image-preview:large","max-video-preview":"max-video-preview:-1"},"canonical":"https:\/\/www.inoxch.hr\/de\/","og_locale":"de_DE","og_type":"article","og_title":"Po\u010detna - Inoxch","og_description":"Specijalizirani za obradu nehr\u0111aju\u0107ih, aluminijskih limova te konstrukcijskog \u010delika. Kvalitetnim radom stekli smo zna\u010dajne reference.","og_url":"https:\/\/www.inoxch.hr\/de\/","og_site_name":"Inoxch","article_modified_time":"2024-02-19T09:41:50+00:00","og_image":[{"url":"https:\/\/www.inoxch.hr\/wp-content\/uploads\/2022\/01\/n_architectural-blueprints-2-600x368.jpg","type":"","width":"","height":""}],"twitter_card":"summary_large_image","twitter_misc":{"Gesch\u00e4tzte Lesezeit":"2\u00a0Minuten"},"schema":{"@context":"https:\/\/schema.org","@graph":[{"@type":"WebPage","@id":"https:\/\/www.inoxch.hr\/","url":"https:\/\/www.inoxch.hr\/","name":"Po\u010detna - Inoxch","isPartOf":{"@id":"https:\/\/www.inoxch.hr\/#website"},"primaryImageOfPage":{"@id":"https:\/\/www.inoxch.hr\/#primaryimage"},"image":{"@id":"https:\/\/www.inoxch.hr\/#primaryimage"},"thumbnailUrl":"https:\/\/www.inoxch.hr\/wp-content\/uploads\/2022\/01\/n_architectural-blueprints-2-600x368.jpg","datePublished":"2024-02-15T23:04:11+00:00","dateModified":"2024-02-19T09:41:50+00:00","description":"Specijalizirani za obradu nehr\u0111aju\u0107ih, aluminijskih limova te konstrukcijskog \u010delika. Kvalitetnim radom stekli smo zna\u010dajne reference.","breadcrumb":{"@id":"https:\/\/www.inoxch.hr\/#breadcrumb"},"inLanguage":"de","potentialAction":[{"@type":"ReadAction","target":["https:\/\/www.inoxch.hr\/"]}]},{"@type":"ImageObject","inLanguage":"de","@id":"https:\/\/www.inoxch.hr\/#primaryimage","url":"https:\/\/www.inoxch.hr\/wp-content\/uploads\/2022\/01\/n_architectural-blueprints-2-600x368.jpg","contentUrl":"https:\/\/www.inoxch.hr\/wp-content\/uploads\/2022\/01\/n_architectural-blueprints-2-600x368.jpg"},{"@type":"BreadcrumbList","@id":"https:\/\/www.inoxch.hr\/#breadcrumb","itemListElement":[{"@type":"ListItem","position":1,"name":"Home","item":"https:\/\/www.inoxch.hr\/"},{"@type":"ListItem","position":2,"name":"Po\u010detna"}]},{"@type":"WebSite","@id":"https:\/\/www.inoxch.hr\/#website","url":"https:\/\/www.inoxch.hr\/","name":"Inoxch","description":"Centar Hoegger","publisher":{"@id":"https:\/\/www.inoxch.hr\/#organization"},"potentialAction":[{"@type":"SearchAction","target":{"@type":"EntryPoint","urlTemplate":"https:\/\/www.inoxch.hr\/?s={search_term_string}"},"query-input":{"@type":"PropertyValueSpecification","valueRequired":true,"valueName":"search_term_string"}}],"inLanguage":"de"},{"@type":"Organization","@id":"https:\/\/www.inoxch.hr\/#organization","name":"Inoxch","url":"https:\/\/www.inoxch.hr\/","logo":{"@type":"ImageObject","inLanguage":"de","@id":"https:\/\/www.inoxch.hr\/#\/schema\/logo\/image\/","url":"https:\/\/www.inoxch.hr\/wp-content\/uploads\/2021\/11\/logo-e1639798637894.png","contentUrl":"https:\/\/www.inoxch.hr\/wp-content\/uploads\/2021\/11\/logo-e1639798637894.png","width":115,"height":40,"caption":"Inoxch"},"image":{"@id":"https:\/\/www.inoxch.hr\/#\/schema\/logo\/image\/"}}]}},"_links":{"self":[{"href":"https:\/\/www.inoxch.hr\/de\/wp-json\/wp\/v2\/pages\/20","targetHints":{"allow":["GET"]}}],"collection":[{"href":"https:\/\/www.inoxch.hr\/de\/wp-json\/wp\/v2\/pages"}],"about":[{"href":"https:\/\/www.inoxch.hr\/de\/wp-json\/wp\/v2\/types\/page"}],"author":[{"embeddable":true,"href":"https:\/\/www.inoxch.hr\/de\/wp-json\/wp\/v2\/users\/1"}],"replies":[{"embeddable":true,"href":"https:\/\/www.inoxch.hr\/de\/wp-json\/wp\/v2\/comments?post=20"}],"version-history":[{"count":13,"href":"https:\/\/www.inoxch.hr\/de\/wp-json\/wp\/v2\/pages\/20\/revisions"}],"predecessor-version":[{"id":892,"href":"https:\/\/www.inoxch.hr\/de\/wp-json\/wp\/v2\/pages\/20\/revisions\/892"}],"wp:attachment":[{"href":"https:\/\/www.inoxch.hr\/de\/wp-json\/wp\/v2\/media?parent=20"}],"curies":[{"name":"wp","href":"https:\/\/api.w.org\/{rel}","templated":true}]}}